{"id":1755,"date":"2019-09-27T08:38:37","date_gmt":"2019-09-27T08:38:37","guid":{"rendered":"https:\/\/www.aemmeingegneriacivile.it\/?page_id=1755"},"modified":"2025-02-25T08:27:55","modified_gmt":"2025-02-25T08:27:55","slug":"qui-sommes-nous","status":"publish","type":"page","link":"https:\/\/www.aemmeingegneriacivile.it\/fr\/qui-sommes-nous\/","title":{"rendered":"Qui sommes-nous"},"content":{"rendered":"\t\t<div data-elementor-type=\"wp-page\" data-elementor-id=\"1755\" class=\"elementor elementor-1755 elementor-106\" data-elementor-settings=\"[]\">\n\t\t\t\t\t\t\t<div class=\"elementor-section-wrap\">\n\t\t\t\t\t\t\t<section class=\"elementor-section elementor-top-section elementor-element elementor-element-40cb4cd elementor-section-full_width elementor-hidden-tablet elementor-hidden-phone elementor-section-height-default elementor-section-height-default parallax_section_no qode_elementor_container_no\" data-id=\"40cb4cd\" data-element_type=\"section\">\n\t\t\t\t\t\t<div class=\"elementor-container elementor-column-gap-default\">\n\t\t\t\t\t<div class=\"elementor-column elementor-col-100 elementor-top-column elementor-element elementor-element-5bea6d8\" data-id=\"5bea6d8\" data-element_type=\"column\">\n\t\t\t<div class=\"elementor-widget-wrap elementor-element-populated\">\n\t\t\t\t\t\t\t\t<div class=\"elementor-element elementor-element-7df63cc elementor-widget elementor-widget-text-editor\" data-id=\"7df63cc\" data-element_type=\"widget\" data-widget_type=\"text-editor.default\">\n\t\t\t\t<div class=\"elementor-widget-container\">\n\t\t\t\t\t<div class=\"elementor-text-editor elementor-clearfix\"><h1>ANDREA MARINO<\/h1><\/div>\n\t\t\t\t<\/div>\n\t\t\t\t<\/div>\n\t\t\t\t\t<\/div>\n\t\t<\/div>\n\t\t\t\t\t\t\t<\/div>\n\t\t<\/section>\n\t\t\t\t<section class=\"elementor-section elementor-top-section elementor-element elementor-element-e9ef91c qode_elementor_container_inner elementor-section-boxed elementor-section-height-default elementor-section-height-default parallax_section_no\" data-id=\"e9ef91c\" data-element_type=\"section\">\n\t\t\t\t\t\t<div class=\"elementor-container elementor-column-gap-default\">\n\t\t\t\t\t<div class=\"elementor-column elementor-col-50 elementor-top-column elementor-element elementor-element-59e065a\" data-id=\"59e065a\" data-element_type=\"column\">\n\t\t\t<div class=\"elementor-widget-wrap elementor-element-populated\">\n\t\t\t\t\t\t\t\t<div class=\"elementor-element elementor-element-0668617 elementor-widget elementor-widget-text-editor\" data-id=\"0668617\" data-element_type=\"widget\" data-widget_type=\"text-editor.default\">\n\t\t\t\t<div class=\"elementor-widget-container\">\n\t\t\t\t\t<div class=\"elementor-text-editor elementor-clearfix\"><h3>CURRICULUM<\/h3><\/div>\n\t\t\t\t<\/div>\n\t\t\t\t<\/div>\n\t\t\t\t<div class=\"elementor-element elementor-element-9222c8f elementor-widget elementor-widget-text-editor\" data-id=\"9222c8f\" data-element_type=\"widget\" data-widget_type=\"text-editor.default\">\n\t\t\t\t<div class=\"elementor-widget-container\">\n\t\t\t\t\t<div class=\"elementor-text-editor elementor-clearfix\"><p>Il a obtenu le dipl\u00f4me d&rsquo;Ing\u00e9nieur Civil (classe 8), avec une sp\u00e9cialisation en structures, au Polytechnique de Turin le 03\/10\/2006 avec une note de 96\/110, apr\u00e8s avoir soutenu un m\u00e9moire de licence sur le th\u00e8me de la Construction en zones sismiques intitul\u00e9 \u00ab\u00a0Analyse statique non lin\u00e9aire dans la nouvelle r\u00e9glementation antisismique\u00a0\u00bb.<\/p><p>\u00a0<\/p><p>Il a obtenu le Master en Ing\u00e9nierie Civile (classe 28\/S), avec une sp\u00e9cialisation en g\u00e9otechnique, au Polytechnique de Turin le 09\/03\/2010 avec une note de 97\/110, apr\u00e8s avoir soutenu un m\u00e9moire de fin d&rsquo;\u00e9tudes sur le th\u00e8me de la construction en zones sismiques intitul\u00e9 \u00ab\u00a0L&rsquo;effet P-D dans l&rsquo;analyse sismique\u00a0\u00bb.<\/p><p>\u00a0<\/p><p>Il a obtenu la qualification pour exercer la profession d&rsquo;Ing\u00e9nieur Civil et Environnemental \u00e0 l&rsquo;\u00c9cole Polytechnique de Turin lors de la premi\u00e8re session de 2010, apr\u00e8s avoir r\u00e9ussi l&rsquo;examen de qualification pour exercer la profession d&rsquo;Ing\u00e9nieur Civil et Environnemental avec une note de 335\/400.<\/p><p>\u00a0<\/p><p>Il poss\u00e8de les exigences pr\u00e9vues \u00e0 l&rsquo;art. 98 du d\u00e9cret l\u00e9gislatif 81\/08 et ses modifications ult\u00e9rieures, pour exercer la fonction de coordinateur de s\u00e9curit\u00e9 pendant la phase de conception et d&rsquo;ex\u00e9cution des travaux sur des chantiers temporaires ou mobiles, en poss\u00e9dant un certificat universitaire attestant que le parcours p\u00e9dagogique suivi correspond aux exigences minimales demand\u00e9es par l&rsquo;annexe XIV du d\u00e9cret l\u00e9gislatif 81\/08 et ses modifications ult\u00e9rieures.<\/p><p>Inscrit depuis le 15\/11\/2010 aupr\u00e8s de l&rsquo;Ordre des Ing\u00e9nieurs de la Province d&rsquo;Imperia \u00ab Section A \u00bb \u00ab Secteur a \u00bb, sous le num\u00e9ro d&rsquo;enregistrement 844.<\/p><p>Il poss\u00e8de les exigences pr\u00e9vues \u00e0 l&rsquo;art. 32 du d\u00e9cret l\u00e9gislatif 81\/08 et modifications ult\u00e9rieures, pour l&rsquo;exercice de la fonction de chef du service de pr\u00e9vention et de protection (RSPP).<\/p><p>Il est inscrit sur les listes des professionnels de la pr\u00e9vention incendie du Minist\u00e8re de l&rsquo;Int\u00e9rieur (ex L818\/84).<\/p><\/div>\n\t\t\t\t<\/div>\n\t\t\t\t<\/div>\n\t\t\t\t\t<\/div>\n\t\t<\/div>\n\t\t\t\t<div class=\"elementor-column elementor-col-50 elementor-top-column elementor-element elementor-element-5011300\" data-id=\"5011300\" data-element_type=\"column\">\n\t\t\t<div class=\"elementor-widget-wrap elementor-element-populated\">\n\t\t\t\t\t\t\t\t<div class=\"elementor-element elementor-element-e65be4d elementor-widget elementor-widget-image\" data-id=\"e65be4d\" data-element_type=\"widget\" data-widget_type=\"image.default\">\n\t\t\t\t<div class=\"elementor-widget-container\">\n\t\t\t\t\t<div class=\"elementor-image\">\n\t\t\t\t\t\t\t\t\t\t<img loading=\"lazy\" decoding=\"async\" width=\"550\" height=\"425\" src=\"https:\/\/www.aemmeingegneriacivile.it\/wp-content\/uploads\/2019\/09\/p1-img-02.png\" class=\"attachment-full size-full\" alt=\"a\" srcset=\"https:\/\/www.aemmeingegneriacivile.it\/wp-content\/uploads\/2019\/09\/p1-img-02.png 550w, https:\/\/www.aemmeingegneriacivile.it\/wp-content\/uploads\/2019\/09\/p1-img-02-300x232.png 300w\" sizes=\"auto, (max-width: 550px) 100vw, 550px\" \/>\t\t\t\t\t\t\t\t\t\t\t<\/div>\n\t\t\t\t<\/div>\n\t\t\t\t<\/div>\n\t\t\t\t\t<\/div>\n\t\t<\/div>\n\t\t\t\t\t\t\t<\/div>\n\t\t<\/section>\n\t\t\t\t<section class=\"elementor-section elementor-top-section elementor-element elementor-element-9a06607 qode_elementor_container_inner elementor-section-boxed elementor-section-height-default elementor-section-height-default parallax_section_no\" data-id=\"9a06607\" data-element_type=\"section\">\n\t\t\t\t\t\t<div class=\"elementor-container elementor-column-gap-default\">\n\t\t\t\t\t<div class=\"elementor-column elementor-col-100 elementor-top-column elementor-element elementor-element-4c88c8d\" data-id=\"4c88c8d\" data-element_type=\"column\">\n\t\t\t<div class=\"elementor-widget-wrap\">\n\t\t\t\t\t\t\t\t\t<\/div>\n\t\t<\/div>\n\t\t\t\t\t\t\t<\/div>\n\t\t<\/section>\n\t\t\t\t<section class=\"elementor-section elementor-top-section elementor-element elementor-element-a2f6986 elementor-section-boxed elementor-section-height-default elementor-section-height-default parallax_section_no qode_elementor_container_no\" data-id=\"a2f6986\" data-element_type=\"section\">\n\t\t\t\t\t\t<div class=\"elementor-container elementor-column-gap-default\">\n\t\t\t\t\t<div class=\"elementor-column elementor-col-100 elementor-top-column elementor-element elementor-element-cf44af4\" data-id=\"cf44af4\" data-element_type=\"column\">\n\t\t\t<div class=\"elementor-widget-wrap elementor-element-populated\">\n\t\t\t\t\t\t\t\t<div class=\"elementor-element elementor-element-785feb1 elementor-widget elementor-widget-image\" data-id=\"785feb1\" data-element_type=\"widget\" data-widget_type=\"image.default\">\n\t\t\t\t<div class=\"elementor-widget-container\">\n\t\t\t\t\t<div class=\"elementor-image\">\n\t\t\t\t\t\t\t\t\t\t<img loading=\"lazy\" decoding=\"async\" width=\"639\" height=\"420\" src=\"https:\/\/www.aemmeingegneriacivile.it\/wp-content\/uploads\/2019\/09\/p1-img-03.png\" class=\"attachment-full size-full\" alt=\"a\" srcset=\"https:\/\/www.aemmeingegneriacivile.it\/wp-content\/uploads\/2019\/09\/p1-img-03.png 639w, https:\/\/www.aemmeingegneriacivile.it\/wp-content\/uploads\/2019\/09\/p1-img-03-600x394.png 600w, https:\/\/www.aemmeingegneriacivile.it\/wp-content\/uploads\/2019\/09\/p1-img-03-300x197.png 300w\" sizes=\"auto, (max-width: 639px) 100vw, 639px\" \/>\t\t\t\t\t\t\t\t\t\t\t<\/div>\n\t\t\t\t<\/div>\n\t\t\t\t<\/div>\n\t\t\t\t\t<\/div>\n\t\t<\/div>\n\t\t\t\t\t\t\t<\/div>\n\t\t<\/section>\n\t\t\t\t\t\t<\/div>\n\t\t\t\t\t<\/div>\n\t\t","protected":false},"excerpt":{"rendered":"<p>ANDREA MARINO CURRICULUM Il a obtenu le dipl\u00f4me d&rsquo;Ing\u00e9nieur Civil (classe 8), avec une sp\u00e9cialisation en structures, au Polytechnique de Turin le 03\/10\/2006 avec une note de 96\/110, apr\u00e8s avoir soutenu un m\u00e9moire de licence sur le th\u00e8me de la Construction en zones sismiques intitul\u00e9&#8230;<\/p>\n","protected":false},"author":1,"featured_media":0,"parent":0,"menu_order":0,"comment_status":"closed","ping_status":"closed","template":"full_width.php","meta":{"footnotes":""},"class_list":["post-1755","page","type-page","status-publish","hentry"],"_links":{"self":[{"href":"https:\/\/www.aemmeingegneriacivile.it\/fr\/wp-json\/wp\/v2\/pages\/1755","targetHints":{"allow":["GET"]}}],"collection":[{"href":"https:\/\/www.aemmeingegneriacivile.it\/fr\/wp-json\/wp\/v2\/pages"}],"about":[{"href":"https:\/\/www.aemmeingegneriacivile.it\/fr\/wp-json\/wp\/v2\/types\/page"}],"author":[{"embeddable":true,"href":"https:\/\/www.aemmeingegneriacivile.it\/fr\/wp-json\/wp\/v2\/users\/1"}],"replies":[{"embeddable":true,"href":"https:\/\/www.aemmeingegneriacivile.it\/fr\/wp-json\/wp\/v2\/comments?post=1755"}],"version-history":[{"count":7,"href":"https:\/\/www.aemmeingegneriacivile.it\/fr\/wp-json\/wp\/v2\/pages\/1755\/revisions"}],"predecessor-version":[{"id":1762,"href":"https:\/\/www.aemmeingegneriacivile.it\/fr\/wp-json\/wp\/v2\/pages\/1755\/revisions\/1762"}],"wp:attachment":[{"href":"https:\/\/www.aemmeingegneriacivile.it\/fr\/wp-json\/wp\/v2\/media?parent=1755"}],"curies":[{"name":"wp","href":"https:\/\/api.w.org\/{rel}","templated":true}]}}