{"id":2033,"date":"2025-02-27T14:40:59","date_gmt":"2025-02-27T14:40:59","guid":{"rendered":"https:\/\/www.aemmeingegneriacivile.it\/?page_id=2033"},"modified":"2025-02-28T10:49:21","modified_gmt":"2025-02-28T10:49:21","slug":"ingenierie-civile-avancee","status":"publish","type":"page","link":"https:\/\/www.aemmeingegneriacivile.it\/fr\/ingenierie-civile-avancee\/","title":{"rendered":"Ing\u00e9nierie civile avanc\u00e9e"},"content":{"rendered":"\t\t<div data-elementor-type=\"wp-page\" data-elementor-id=\"2033\" class=\"elementor elementor-2033 elementor-1879\" data-elementor-settings=\"[]\">\n\t\t\t\t\t\t\t<div class=\"elementor-section-wrap\">\n\t\t\t\t\t\t\t<section class=\"elementor-section elementor-top-section elementor-element elementor-element-ca2038f elementor-section-full_width elementor-hidden-tablet elementor-hidden-phone elementor-section-height-default elementor-section-height-default parallax_section_no qode_elementor_container_no\" data-id=\"ca2038f\" data-element_type=\"section\">\n\t\t\t\t\t\t<div class=\"elementor-container elementor-column-gap-default\">\n\t\t\t\t\t<div class=\"elementor-column elementor-col-100 elementor-top-column elementor-element elementor-element-4049042\" data-id=\"4049042\" data-element_type=\"column\">\n\t\t\t<div class=\"elementor-widget-wrap\">\n\t\t\t\t\t\t\t\t\t<\/div>\n\t\t<\/div>\n\t\t\t\t\t\t\t<\/div>\n\t\t<\/section>\n\t\t\t\t<section class=\"elementor-section elementor-top-section elementor-element elementor-element-1927c5f elementor-section-content-middle qode_elementor_container_inner elementor-section-boxed elementor-section-height-default elementor-section-height-default parallax_section_no\" data-id=\"1927c5f\" data-element_type=\"section\">\n\t\t\t\t\t\t<div class=\"elementor-container elementor-column-gap-default\">\n\t\t\t\t\t<div class=\"elementor-column elementor-col-50 elementor-top-column elementor-element elementor-element-6047684\" data-id=\"6047684\" data-element_type=\"column\">\n\t\t\t<div class=\"elementor-widget-wrap elementor-element-populated\">\n\t\t\t\t\t\t\t\t<div class=\"elementor-element elementor-element-b3ca3e4 elementor-widget elementor-widget-text-editor\" data-id=\"b3ca3e4\" data-element_type=\"widget\" data-widget_type=\"text-editor.default\">\n\t\t\t\t<div class=\"elementor-widget-container\">\n\t\t\t\t\t<div class=\"elementor-text-editor elementor-clearfix\"><h3>conception et mod\u00e9lisation BIM et 3D<\/h3><\/div>\n\t\t\t\t<\/div>\n\t\t\t\t<\/div>\n\t\t\t\t<div class=\"elementor-element elementor-element-f9a287c elementor-widget elementor-widget-text-editor\" data-id=\"f9a287c\" data-element_type=\"widget\" data-widget_type=\"text-editor.default\">\n\t\t\t\t<div class=\"elementor-widget-container\">\n\t\t\t\t\t<div class=\"elementor-text-editor elementor-clearfix\"><p>Notre studio propose un service de conception et de mod\u00e9lisation 3D et BIM.<\/p><p>Le BIM, ou Building Information Modeling, se d\u00e9finit comme une repr\u00e9sentation num\u00e9rique des caract\u00e9ristiques physiques et fonctionnelles d&rsquo;une structure, une ressource de connaissances partag\u00e9es qui constitue une base fiable pour toute d\u00e9cision tout au long de son cycle de vie, de la conception \u00e0 la d\u00e9molition.<\/p><p>Ceci gr\u00e2ce \u00e0 l&rsquo;utilisation de nouveaux logiciels fournis par le studio pour une conception de plus en plus avanc\u00e9e.<\/p><\/div>\n\t\t\t\t<\/div>\n\t\t\t\t<\/div>\n\t\t\t\t\t<\/div>\n\t\t<\/div>\n\t\t\t\t<div class=\"elementor-column elementor-col-50 elementor-top-column elementor-element elementor-element-803f3e0\" data-id=\"803f3e0\" data-element_type=\"column\">\n\t\t\t<div class=\"elementor-widget-wrap elementor-element-populated\">\n\t\t\t\t\t\t\t\t<div class=\"elementor-element elementor-element-73289a7 elementor-widget elementor-widget-image\" data-id=\"73289a7\" data-element_type=\"widget\" data-widget_type=\"image.default\">\n\t\t\t\t<div class=\"elementor-widget-container\">\n\t\t\t\t\t<div class=\"elementor-image\">\n\t\t\t\t\t\t\t\t\t\t<img loading=\"lazy\" decoding=\"async\" width=\"2555\" height=\"1282\" src=\"https:\/\/www.aemmeingegneriacivile.it\/wp-content\/uploads\/2025\/02\/MODELLO-BIM-1.jpg\" class=\"attachment-full size-full\" alt=\"\" srcset=\"https:\/\/www.aemmeingegneriacivile.it\/wp-content\/uploads\/2025\/02\/MODELLO-BIM-1.jpg 2555w, https:\/\/www.aemmeingegneriacivile.it\/wp-content\/uploads\/2025\/02\/MODELLO-BIM-1-300x151.jpg 300w, https:\/\/www.aemmeingegneriacivile.it\/wp-content\/uploads\/2025\/02\/MODELLO-BIM-1-1024x514.jpg 1024w, https:\/\/www.aemmeingegneriacivile.it\/wp-content\/uploads\/2025\/02\/MODELLO-BIM-1-768x385.jpg 768w, https:\/\/www.aemmeingegneriacivile.it\/wp-content\/uploads\/2025\/02\/MODELLO-BIM-1-1536x771.jpg 1536w, https:\/\/www.aemmeingegneriacivile.it\/wp-content\/uploads\/2025\/02\/MODELLO-BIM-1-2048x1028.jpg 2048w, https:\/\/www.aemmeingegneriacivile.it\/wp-content\/uploads\/2025\/02\/MODELLO-BIM-1-700x351.jpg 700w, https:\/\/www.aemmeingegneriacivile.it\/wp-content\/uploads\/2025\/02\/MODELLO-BIM-1-600x301.jpg 600w\" sizes=\"auto, (max-width: 2555px) 100vw, 2555px\" \/>\t\t\t\t\t\t\t\t\t\t\t<\/div>\n\t\t\t\t<\/div>\n\t\t\t\t<\/div>\n\t\t\t\t\t<\/div>\n\t\t<\/div>\n\t\t\t\t\t\t\t<\/div>\n\t\t<\/section>\n\t\t\t\t<section class=\"elementor-section elementor-top-section elementor-element elementor-element-78795ed elementor-section-full_width elementor-hidden-tablet elementor-hidden-phone elementor-section-height-default elementor-section-height-default parallax_section_no qode_elementor_container_no\" data-id=\"78795ed\" data-element_type=\"section\">\n\t\t\t\t\t\t<div class=\"elementor-container elementor-column-gap-default\">\n\t\t\t\t\t<div class=\"elementor-column elementor-col-100 elementor-top-column elementor-element elementor-element-0310275\" data-id=\"0310275\" data-element_type=\"column\">\n\t\t\t<div class=\"elementor-widget-wrap\">\n\t\t\t\t\t\t\t\t\t<\/div>\n\t\t<\/div>\n\t\t\t\t\t\t\t<\/div>\n\t\t<\/section>\n\t\t\t\t<section class=\"elementor-section elementor-top-section elementor-element elementor-element-1934977 elementor-section-content-middle qode_elementor_container_inner elementor-section-boxed elementor-section-height-default elementor-section-height-default parallax_section_no\" data-id=\"1934977\" data-element_type=\"section\">\n\t\t\t\t\t\t<div class=\"elementor-container elementor-column-gap-default\">\n\t\t\t\t\t<div class=\"elementor-column elementor-col-50 elementor-top-column elementor-element elementor-element-7a16e68\" data-id=\"7a16e68\" data-element_type=\"column\">\n\t\t\t<div class=\"elementor-widget-wrap elementor-element-populated\">\n\t\t\t\t\t\t\t\t<div class=\"elementor-element elementor-element-46939dd elementor-widget elementor-widget-image\" data-id=\"46939dd\" data-element_type=\"widget\" data-widget_type=\"image.default\">\n\t\t\t\t<div class=\"elementor-widget-container\">\n\t\t\t\t\t<div class=\"elementor-image\">\n\t\t\t\t\t\t\t\t\t\t<img loading=\"lazy\" decoding=\"async\" width=\"1920\" height=\"1040\" src=\"https:\/\/www.aemmeingegneriacivile.it\/wp-content\/uploads\/2025\/02\/MODELLAZIONE-GEOTECNICA-AVANZATA-FEM-1.jpg\" class=\"attachment-full size-full\" alt=\"\" srcset=\"https:\/\/www.aemmeingegneriacivile.it\/wp-content\/uploads\/2025\/02\/MODELLAZIONE-GEOTECNICA-AVANZATA-FEM-1.jpg 1920w, https:\/\/www.aemmeingegneriacivile.it\/wp-content\/uploads\/2025\/02\/MODELLAZIONE-GEOTECNICA-AVANZATA-FEM-1-300x163.jpg 300w, https:\/\/www.aemmeingegneriacivile.it\/wp-content\/uploads\/2025\/02\/MODELLAZIONE-GEOTECNICA-AVANZATA-FEM-1-1024x555.jpg 1024w, https:\/\/www.aemmeingegneriacivile.it\/wp-content\/uploads\/2025\/02\/MODELLAZIONE-GEOTECNICA-AVANZATA-FEM-1-768x416.jpg 768w, https:\/\/www.aemmeingegneriacivile.it\/wp-content\/uploads\/2025\/02\/MODELLAZIONE-GEOTECNICA-AVANZATA-FEM-1-1536x832.jpg 1536w, https:\/\/www.aemmeingegneriacivile.it\/wp-content\/uploads\/2025\/02\/MODELLAZIONE-GEOTECNICA-AVANZATA-FEM-1-700x379.jpg 700w, https:\/\/www.aemmeingegneriacivile.it\/wp-content\/uploads\/2025\/02\/MODELLAZIONE-GEOTECNICA-AVANZATA-FEM-1-600x325.jpg 600w\" sizes=\"auto, (max-width: 1920px) 100vw, 1920px\" \/>\t\t\t\t\t\t\t\t\t\t\t<\/div>\n\t\t\t\t<\/div>\n\t\t\t\t<\/div>\n\t\t\t\t\t<\/div>\n\t\t<\/div>\n\t\t\t\t<div class=\"elementor-column elementor-col-50 elementor-top-column elementor-element elementor-element-0068e81\" data-id=\"0068e81\" data-element_type=\"column\">\n\t\t\t<div class=\"elementor-widget-wrap elementor-element-populated\">\n\t\t\t\t\t\t\t\t<div class=\"elementor-element elementor-element-0cdffc2 elementor-widget elementor-widget-text-editor\" data-id=\"0cdffc2\" data-element_type=\"widget\" data-widget_type=\"text-editor.default\">\n\t\t\t\t<div class=\"elementor-widget-container\">\n\t\t\t\t\t<div class=\"elementor-text-editor elementor-clearfix\"><h3>analyse g\u00e9otechnique avanc\u00e9e (FEM)<\/h3><\/div>\n\t\t\t\t<\/div>\n\t\t\t\t<\/div>\n\t\t\t\t<div class=\"elementor-element elementor-element-0f74780 elementor-widget elementor-widget-text-editor\" data-id=\"0f74780\" data-element_type=\"widget\" data-widget_type=\"text-editor.default\">\n\t\t\t\t<div class=\"elementor-widget-container\">\n\t\t\t\t\t<div class=\"elementor-text-editor elementor-clearfix\"><p>L&rsquo;analyse FEM est une approche d&rsquo;ing\u00e9nierie num\u00e9rique utilis\u00e9e pour r\u00e9soudre des probl\u00e8mes physiques. Il permet de calculer le comportement structurel d&rsquo;un syst\u00e8me en d\u00e9composant un objet complexe en un grand nombre d&rsquo;\u00e9l\u00e9ments qui peuvent \u00eatre r\u00e9solus de mani\u00e8re beaucoup plus simple.<\/p><p>\u00a0<\/p><p>Cette analyse peut \u00eatre utilis\u00e9e avec de nombreux avantages dans l\u2019analyse g\u00e9otechnique.<\/p><\/div>\n\t\t\t\t<\/div>\n\t\t\t\t<\/div>\n\t\t\t\t\t<\/div>\n\t\t<\/div>\n\t\t\t\t\t\t\t<\/div>\n\t\t<\/section>\n\t\t\t\t\t\t<\/div>\n\t\t\t\t\t<\/div>\n\t\t","protected":false},"excerpt":{"rendered":"<p>conception et mod\u00e9lisation BIM et 3D Notre studio propose un service de conception et de mod\u00e9lisation 3D et BIM. Le BIM, ou Building Information Modeling, se d\u00e9finit comme une repr\u00e9sentation num\u00e9rique des caract\u00e9ristiques physiques et fonctionnelles d&rsquo;une structure, une ressource de connaissances partag\u00e9es qui constitue&#8230;<\/p>\n","protected":false},"author":1,"featured_media":0,"parent":0,"menu_order":0,"comment_status":"closed","ping_status":"closed","template":"full_width.php","meta":{"footnotes":""},"class_list":["post-2033","page","type-page","status-publish","hentry"],"_links":{"self":[{"href":"https:\/\/www.aemmeingegneriacivile.it\/fr\/wp-json\/wp\/v2\/pages\/2033","targetHints":{"allow":["GET"]}}],"collection":[{"href":"https:\/\/www.aemmeingegneriacivile.it\/fr\/wp-json\/wp\/v2\/pages"}],"about":[{"href":"https:\/\/www.aemmeingegneriacivile.it\/fr\/wp-json\/wp\/v2\/types\/page"}],"author":[{"embeddable":true,"href":"https:\/\/www.aemmeingegneriacivile.it\/fr\/wp-json\/wp\/v2\/users\/1"}],"replies":[{"embeddable":true,"href":"https:\/\/www.aemmeingegneriacivile.it\/fr\/wp-json\/wp\/v2\/comments?post=2033"}],"version-history":[{"count":11,"href":"https:\/\/www.aemmeingegneriacivile.it\/fr\/wp-json\/wp\/v2\/pages\/2033\/revisions"}],"predecessor-version":[{"id":2044,"href":"https:\/\/www.aemmeingegneriacivile.it\/fr\/wp-json\/wp\/v2\/pages\/2033\/revisions\/2044"}],"wp:attachment":[{"href":"https:\/\/www.aemmeingegneriacivile.it\/fr\/wp-json\/wp\/v2\/media?parent=2033"}],"curies":[{"name":"wp","href":"https:\/\/api.w.org\/{rel}","templated":true}]}}