{"id":1796,"date":"2023-02-10T08:08:28","date_gmt":"2023-02-10T08:08:28","guid":{"rendered":"https:\/\/www.aemmeingegneriacivile.it\/?post_type=product&#038;p=1796"},"modified":"2025-02-28T10:23:24","modified_gmt":"2025-02-28T10:23:24","slug":"conseil-en-sante-et-securite-au-travail-pour-entreprises-et-commerces","status":"publish","type":"product","link":"https:\/\/www.aemmeingegneriacivile.it\/fr\/prodotto\/conseil-en-sante-et-securite-au-travail-pour-entreprises-et-commerces\/","title":{"rendered":"CONSEIL EN SANT\u00c9 ET S\u00c9CURIT\u00c9 AU TRAVAIL POUR ENTREPRISES ET COMMERCES"},"content":{"rendered":"","protected":false},"excerpt":{"rendered":"","protected":false},"featured_media":1590,"template":"","meta":[],"product_cat":[40],"product_tag":[],"class_list":["post-1796","product","type-product","status-publish","has-post-thumbnail","hentry","product_cat-notre-services"],"_links":{"self":[{"href":"https:\/\/www.aemmeingegneriacivile.it\/fr\/wp-json\/wp\/v2\/product\/1796","targetHints":{"allow":["GET"]}}],"collection":[{"href":"https:\/\/www.aemmeingegneriacivile.it\/fr\/wp-json\/wp\/v2\/product"}],"about":[{"href":"https:\/\/www.aemmeingegneriacivile.it\/fr\/wp-json\/wp\/v2\/types\/product"}],"wp:featuredmedia":[{"embeddable":true,"href":"https:\/\/www.aemmeingegneriacivile.it\/fr\/wp-json\/wp\/v2\/media\/1590"}],"wp:attachment":[{"href":"https:\/\/www.aemmeingegneriacivile.it\/fr\/wp-json\/wp\/v2\/media?parent=1796"}],"wp:term":[{"taxonomy":"product_cat","embeddable":true,"href":"https:\/\/www.aemmeingegneriacivile.it\/fr\/wp-json\/wp\/v2\/product_cat?post=1796"},{"taxonomy":"product_tag","embeddable":true,"href":"https:\/\/www.aemmeingegneriacivile.it\/fr\/wp-json\/wp\/v2\/product_tag?post=1796"}],"curies":[{"name":"wp","href":"https:\/\/api.w.org\/{rel}","templated":true}]}}