{"id":1800,"date":"2023-02-10T07:59:10","date_gmt":"2023-02-10T07:59:10","guid":{"rendered":"https:\/\/www.aemmeingegneriacivile.it\/?post_type=product&#038;p=1800"},"modified":"2025-02-28T10:23:39","modified_gmt":"2025-02-28T10:23:39","slug":"coordinnateur-de-securite-en-phase-de-conception-et-dexecution","status":"publish","type":"product","link":"https:\/\/www.aemmeingegneriacivile.it\/fr\/prodotto\/coordinnateur-de-securite-en-phase-de-conception-et-dexecution\/","title":{"rendered":"COORDINNATEUR DE S\u00c9CURIT\u00c9 EN PHASE DE CONCEPTION ET D&rsquo;EX\u00c9CUTION"},"content":{"rendered":"","protected":false},"excerpt":{"rendered":"","protected":false},"featured_media":1604,"template":"","meta":[],"product_cat":[40],"product_tag":[],"class_list":["post-1800","product","type-product","status-publish","has-post-thumbnail","hentry","product_cat-notre-services"],"_links":{"self":[{"href":"https:\/\/www.aemmeingegneriacivile.it\/fr\/wp-json\/wp\/v2\/product\/1800","targetHints":{"allow":["GET"]}}],"collection":[{"href":"https:\/\/www.aemmeingegneriacivile.it\/fr\/wp-json\/wp\/v2\/product"}],"about":[{"href":"https:\/\/www.aemmeingegneriacivile.it\/fr\/wp-json\/wp\/v2\/types\/product"}],"wp:featuredmedia":[{"embeddable":true,"href":"https:\/\/www.aemmeingegneriacivile.it\/fr\/wp-json\/wp\/v2\/media\/1604"}],"wp:attachment":[{"href":"https:\/\/www.aemmeingegneriacivile.it\/fr\/wp-json\/wp\/v2\/media?parent=1800"}],"wp:term":[{"taxonomy":"product_cat","embeddable":true,"href":"https:\/\/www.aemmeingegneriacivile.it\/fr\/wp-json\/wp\/v2\/product_cat?post=1800"},{"taxonomy":"product_tag","embeddable":true,"href":"https:\/\/www.aemmeingegneriacivile.it\/fr\/wp-json\/wp\/v2\/product_tag?post=1800"}],"curies":[{"name":"wp","href":"https:\/\/api.w.org\/{rel}","templated":true}]}}